
{"id":2553,"date":"2021-11-04T17:47:57","date_gmt":"2021-11-04T17:47:57","guid":{"rendered":"http:\/\/deipdkd.cluster030.hosting.ovh.net\/?page_id=2553"},"modified":"2022-01-31T18:02:37","modified_gmt":"2022-01-31T18:02:37","slug":"datenschutz","status":"publish","type":"page","link":"https:\/\/www.hotel-tannenblick.de\/es\/datenschutz\/","title":{"rendered":"Protecci\u00f3n de datos"},"content":{"rendered":"<div data-elementor-type=\"wp-page\" data-elementor-id=\"2553\" class=\"elementor elementor-2553\">\n\t\t\t\t\t\t<section class=\"elementor-section elementor-top-section elementor-element elementor-element-014121f elementor-section-height-min-height elementor-section-stretched elementor-section-boxed elementor-section-height-default elementor-section-items-middle\" data-id=\"014121f\" data-element_type=\"section\" data-settings=\"{&quot;stretch_section&quot;:&quot;section-stretched&quot;,&quot;background_background&quot;:&quot;classic&quot;,&quot;shape_divider_bottom&quot;:&quot;opacity-fan&quot;,&quot;hoteller_ext_is_background_parallax&quot;:&quot;false&quot;,&quot;hoteller_ext_is_background_on_scroll&quot;:&quot;false&quot;}\">\n\t\t\t\t\t<div class=\"elementor-shape elementor-shape-bottom\" data-negative=\"false\">\n\t\t\t<svg xmlns=\"http:\/\/www.w3.org\/2000\/svg\" viewbox=\"0 0 283.5 19.6\" preserveaspectratio=\"none\">\n\t<path class=\"elementor-shape-fill\" style=\"opacity:0.33\" d=\"M0 0L0 18.8 141.8 4.1 283.5 18.8 283.5 0z\"\/>\n\t<path class=\"elementor-shape-fill\" style=\"opacity:0.33\" d=\"M0 0L0 12.6 141.8 4 283.5 12.6 283.5 0z\"\/>\n\t<path class=\"elementor-shape-fill\" style=\"opacity:0.33\" d=\"M0 0L0 6.4 141.8 4 283.5 6.4 283.5 0z\"\/>\n\t<path class=\"elementor-shape-fill\" d=\"M0 0L0 1.2 141.8 4 283.5 1.2 283.5 0z\"\/>\n<\/svg>\t\t<\/div>\n\t\t\t\t\t<div class=\"elementor-container elementor-column-gap-default\">\n\t\t\t\t\t<div class=\"elementor-column elementor-col-100 elementor-top-column elementor-element elementor-element-a36b318\" data-id=\"a36b318\" data-element_type=\"column\" data-settings=\"{&quot;hoteller_ext_link_sidemenu&quot;:&quot;false&quot;,&quot;hoteller_ext_link_fullmenu&quot;:&quot;false&quot;,&quot;hoteller_ext_is_scrollme&quot;:&quot;false&quot;,&quot;hoteller_ext_is_smoove&quot;:&quot;false&quot;,&quot;hoteller_ext_is_parallax_mouse&quot;:&quot;false&quot;,&quot;hoteller_ext_is_infinite&quot;:&quot;false&quot;,&quot;hoteller_ext_is_fadeout_animation&quot;:&quot;false&quot;}\">\n\t\t\t<div class=\"elementor-widget-wrap elementor-element-populated\">\n\t\t\t\t\t\t<div class=\"elementor-element elementor-element-16e41b6 elementor-widget elementor-widget-hoteller-animated-text\" data-id=\"16e41b6\" data-element_type=\"widget\" data-settings=\"{&quot;hoteller_ext_is_fadeout_animation&quot;:&quot;true&quot;,&quot;hoteller_ext_is_fadeout_animation_velocity&quot;:{&quot;unit&quot;:&quot;px&quot;,&quot;size&quot;:0.5,&quot;sizes&quot;:[]},&quot;hoteller_ext_link_sidemenu&quot;:&quot;false&quot;,&quot;hoteller_ext_link_fullmenu&quot;:&quot;false&quot;,&quot;hoteller_ext_is_scrollme&quot;:&quot;false&quot;,&quot;hoteller_ext_is_smoove&quot;:&quot;false&quot;,&quot;hoteller_ext_is_parallax_mouse&quot;:&quot;false&quot;,&quot;hoteller_ext_is_infinite&quot;:&quot;false&quot;,&quot;hoteller_ext_is_fadeout_animation_direction&quot;:&quot;up&quot;}\" data-widget_type=\"hoteller-animated-text.default\">\n\t\t\t\t<div class=\"elementor-widget-container\">\n\t\t\t\t\t<div class=\"themegoods-animated-text text-alignment-center transition-right overflow-visible\" data-delimiter=\"character\" data-transition=\"30\" data-transition-delay=\"150\" data-transition-duration=\"800\">\n\t\t<h1>\n\t\tPol\u00edtica de privacidad\n\n\n\t<\/h1>\n\t<\/div>\t\t\t\t<\/div>\n\t\t\t\t<\/div>\n\t\t\t\t\t<\/div>\n\t\t<\/div>\n\t\t\t\t\t<\/div>\n\t\t<\/section>\n\t\t\t\t<section class=\"elementor-section elementor-top-section elementor-element elementor-element-462a3f8 elementor-section-boxed elementor-section-height-default elementor-section-height-default\" data-id=\"462a3f8\" data-element_type=\"section\" data-settings=\"{&quot;hoteller_ext_is_background_parallax&quot;:&quot;false&quot;,&quot;hoteller_ext_is_background_on_scroll&quot;:&quot;false&quot;}\">\n\t\t\t\t\t\t<div class=\"elementor-container elementor-column-gap-default\">\n\t\t\t\t\t<div class=\"elementor-column elementor-col-100 elementor-top-column elementor-element elementor-element-61e5852\" data-id=\"61e5852\" data-element_type=\"column\" data-settings=\"{&quot;hoteller_ext_link_sidemenu&quot;:&quot;false&quot;,&quot;hoteller_ext_link_fullmenu&quot;:&quot;false&quot;,&quot;hoteller_ext_is_scrollme&quot;:&quot;false&quot;,&quot;hoteller_ext_is_smoove&quot;:&quot;false&quot;,&quot;hoteller_ext_is_parallax_mouse&quot;:&quot;false&quot;,&quot;hoteller_ext_is_infinite&quot;:&quot;false&quot;,&quot;hoteller_ext_is_fadeout_animation&quot;:&quot;false&quot;}\">\n\t\t\t<div class=\"elementor-widget-wrap elementor-element-populated\">\n\t\t\t\t\t\t<div class=\"elementor-element elementor-element-764b28a elementor-widget elementor-widget-text-editor\" data-id=\"764b28a\" data-element_type=\"widget\" data-settings=\"{&quot;hoteller_ext_link_sidemenu&quot;:&quot;false&quot;,&quot;hoteller_ext_link_fullmenu&quot;:&quot;false&quot;,&quot;hoteller_ext_is_scrollme&quot;:&quot;false&quot;,&quot;hoteller_ext_is_smoove&quot;:&quot;false&quot;,&quot;hoteller_ext_is_parallax_mouse&quot;:&quot;false&quot;,&quot;hoteller_ext_is_infinite&quot;:&quot;false&quot;,&quot;hoteller_ext_is_fadeout_animation&quot;:&quot;false&quot;}\" data-widget_type=\"text-editor.default\">\n\t\t\t\t<div class=\"elementor-widget-container\">\n\t\t\t\t\t\t\t\t\t<p><strong>Organismo responsable<\/strong>:<br \/>Hotel Tannenblick<br \/>Eibenstrasse 12<br \/>61118 Bad Vilbel<br \/><br \/><strong>Persona de contacto para la protecci\u00f3n de datos<\/strong>: Pawel Resser<\/p><p class=\"translation-block\">Usted tiene los siguientes derechos en virtud del Reglamento General de Protecci\u00f3n de Datos (RGPD): <br><strong>Derecho de acceso:<\/strong> De conformidad con el art\u00edculo 15 del RGPD, usted puede solicitar la confirmaci\u00f3n de si se est\u00e1n procesando datos relacionados con usted. Si este es el caso, usted tiene derecho a acceder a la informaci\u00f3n tratada.<\/p><p class=\"translation-block\"><strong>Derecho a retirar el consentimiento:<\/strong> Si el tratamiento de sus datos personales se basa en el consentimiento, usted tiene derecho a retirar este consentimiento en cualquier momento de acuerdo con el art\u00edculo 7 del Reglamento General de Protecci\u00f3n de Datos.<\/p><p class=\"translation-block\"><strong>Derecho de oposici\u00f3n<\/strong>: Si el tratamiento de sus datos personales es necesario para proteger los intereses leg\u00edtimos de nuestra empresa, puede oponerse al tratamiento en cualquier momento de conformidad con el art\u00edculo 21 del Reglamento General de Protecci\u00f3n de Datos.<\/p><p class=\"translation-block\"><strong>Derecho de supresi\u00f3n<\/strong>: Si ha retirado su consentimiento, se ha opuesto al tratamiento de sus datos personales (y no existen motivos leg\u00edtimos imperiosos para el tratamiento), sus datos personales ya no son necesarios para los fines del tratamiento, existe una obligaci\u00f3n legal de hacerlo o sus datos personales han sido tratados ilegalmente, tiene derecho a solicitar la supresi\u00f3n de sus datos personales de conformidad con el art\u00edculo 17 del Reglamento General de Protecci\u00f3n de Datos.<\/p><p class=\"translation-block\"><strong>Derecho de rectificaci\u00f3n<\/strong>: Si sus datos personales se han tratado de forma incorrecta, tiene derecho a solicitar la rectificaci\u00f3n de estos datos sin demora, de conformidad con el art\u00edculo 16 del Reglamento General de Protecci\u00f3n de Datos.<\/p><p class=\"translation-block\"><strong>Derecho a la restricci\u00f3n del tratamiento<\/strong>: En las condiciones del art\u00edculo 18 del Reglamento General de Protecci\u00f3n de Datos, tiene derecho a solicitar la restricci\u00f3n del tratamiento de sus datos personales.<\/p><p class=\"translation-block\"><strong>Derecho a la portabilidad de los datos<\/strong>: De conformidad con el art\u00edculo 20 del Reglamento General de Protecci\u00f3n de Datos, usted tiene derecho a recibir los datos personales que haya facilitado en un formato estructurado, com\u00fan y legible por m\u00e1quina.<\/p><p class=\"translation-block\"><strong>Derecho de recurso<\/strong>: Tiene derecho a recurrir a la autoridad de control competente de acuerdo con el art\u00edculo 13 del Reglamento General de Protecci\u00f3n de Datos.<\/p><p>Para ejercer sus derechos, puede ponerse en contacto con nosotros en la siguiente direcci\u00f3n de correo electr\u00f3nico: info@tannenblick.net.<\/p><p class=\"translation-block\"><strong>Duraci\u00f3n del almacenamiento de los datos personales o criterios para determinar la duraci\u00f3n <\/strong><br>\nLos datos personales procesados por nosotros en el contexto de una consulta de contacto general por correo electr\u00f3nico o formulario de contacto s\u00f3lo son almacenados por nosotros durante el tiempo necesario para la correspondencia respectiva.<\/p><p>Los datos personales solicitados por nosotros en relaci\u00f3n con la reserva de una habitaci\u00f3n s\u00f3lo se almacenar\u00e1n durante el tiempo necesario para la tramitaci\u00f3n del contrato y cualquier correspondencia posterior relacionada con el mismo o, en el caso de documentos relevantes seg\u00fan el derecho mercantil y\/o fiscal que contengan datos personales, durante el tiempo que los plazos legales del C\u00f3digo de Comercio y del C\u00f3digo Fiscal alem\u00e1n prevean para el almacenamiento de estos documentos. \" La finalidad, as\u00ed como el tipo y el alcance del tratamiento \"Los datos personales como el nombre, la direcci\u00f3n, el n\u00famero de tel\u00e9fono o la direcci\u00f3n de correo electr\u00f3nico no se recopilan a menos que usted nos proporcione esta informaci\u00f3n voluntariamente, por ejemplo, para procesar las consultas, gestionar las reservas de habitaciones, los comentarios, el registro en el bolet\u00edn de noticias o las consultas a trav\u00e9s del formulario de contacto. Los datos facilitados voluntariamente se utilizar\u00e1n exclusivamente para la finalidad para la que se facilitaron:<\/p><p><strong>La base legal para el tratamiento<\/strong><br \/>Base jur\u00eddica para el tratamiento de datos personales en relaci\u00f3n con las consultas generales por correo electr\u00f3nico o formulario de contacto: Los datos personales tratados en relaci\u00f3n con una consulta general por correo electr\u00f3nico o formulario de contacto se tratan sobre la base del consentimiento, art\u00edculo 6 de la DSGVO.<\/p><p><strong>Archivos de registro del servidor\/evaluaciones estad\u00edsticas<\/strong><br \/>Los archivos de registro sobre el acceso del usuario a las p\u00e1ginas se registran en los servidores, en particular la direcci\u00f3n IP fija o din\u00e1mica del usuario que llama, las p\u00e1ginas consultadas, el tipo de navegador, las direcciones de referencia, la fecha y la hora de acceso. Podemos recuperar estos datos. Los datos contenidos en los archivos de registro se utilizan exclusivamente con fines estad\u00edsticos. A menos que lo exija la ley, el usuario no se identifica.<\/p><p><strong>Uso de servicios y contenidos de terceros<\/strong><br \/>Puede ocurrir que se integren en nuestro sitio web contenidos de terceros, como v\u00eddeos de YouTube, mapas de Google Maps o fuentes RSS. Esto requiere siempre que los proveedores de estos contenidos (en adelante, \"terceros proveedores\") conozcan la direcci\u00f3n IP del usuario. Sin la direcci\u00f3n IP, no podr\u00edan enviar el contenido al navegador del usuario correspondiente. Nos esforzamos por utilizar \u00fanicamente contenidos cuyos proveedores respectivos s\u00f3lo utilizan la direcci\u00f3n IP para entregar el contenido. Sin embargo, no tenemos ninguna influencia si los proveedores terceros almacenan la direcci\u00f3n IP, por ejemplo, con fines estad\u00edsticos\".<\/p><p><strong>Uso de plugins de Facebook<\/strong><br \/>Este sitio web utiliza varios plugins de Facebook, Facebook Ireland Ltd, 4 Grand Canal Square, Grand Canal Harbour, Dubl\u00edn 2, Irlanda. Puedes reconocer estos plugins por la \"F\" azul de Facebook, un signo de \"pulgares arriba\" o por el hecho de que este plugin est\u00e1 marcado con la palabra \"Facebook\". Cuando se accede a este sitio web, se establece una conexi\u00f3n con los servidores de Facebook a trav\u00e9s de estos plugins y se transmiten datos. Por un lado, la informaci\u00f3n que usted ve se transmite directamente desde los servidores a su navegador y se muestra all\u00ed, y por otro lado, la informaci\u00f3n sobre su visita a nuestro sitio web se transmite a Facebook. Si est\u00e1s conectado a Facebook, la informaci\u00f3n transmitida puede asignarse directamente a tu cuenta. Si interact\u00faa con las funciones del plugin, por ejemplo, pulsando el bot\u00f3n \"Me gusta\", esta informaci\u00f3n se env\u00eda directamente desde su navegador a Facebook y se almacena all\u00ed. Facebook es responsable del tratamiento posterior de esta informaci\u00f3n; consulta la informaci\u00f3n sobre protecci\u00f3n de datos de Facebook para conocer las condiciones y opciones de configuraci\u00f3n pertinentes. Si desea evitar la transmisi\u00f3n de datos personales a Facebook, cierre la sesi\u00f3n de Facebook antes de visitar este sitio web. Si un usuario no es miembro de Facebook, sigue existiendo la posibilidad de que Facebook descubra y almacene su direcci\u00f3n IP. Seg\u00fan Facebook, en Alemania s\u00f3lo se almacena una direcci\u00f3n IP an\u00f3nima.<\/p><p>La finalidad y el alcance de la recopilaci\u00f3n de datos y el posterior procesamiento y uso de los datos por parte de Facebook, as\u00ed como los derechos pertinentes y las opciones de configuraci\u00f3n para proteger la privacidad de los usuarios, pueden consultarse en la pol\u00edtica de privacidad de Facebook: https:\/\/www.facebook.com\/about\/privacy\/.<\/p><p>Este sitio web utiliza Google Analytics, un servicio de an\u00e1lisis web proporcionado por Google, Inc. (\"Google\"). Google utiliza cookies. La informaci\u00f3n generada por la cookie sobre el uso de la oferta en l\u00ednea por parte de los usuarios se transmite normalmente a un servidor de Google en los Estados Unidos y se almacena all\u00ed. Google usar\u00e1 esta informaci\u00f3n por cuenta nuestra con el prop\u00f3sito de evaluar su uso del sitio web, recopilando informes de la actividad del sitio web y prestando otros servicios relacionados con la actividad del sitio web y el uso de Internet. Al hacerlo, se pueden crear perfiles de usuario seud\u00f3nimos a partir de los datos procesados.<\/p><p>Google Analytics s\u00f3lo se utiliza en este sitio web con la anonimizaci\u00f3n de la IP activada. Esto significa que la direcci\u00f3n IP del usuario es acortada por Google dentro de los estados miembros de la Uni\u00f3n Europea o en otros estados contratantes del Acuerdo sobre el Espacio Econ\u00f3mico Europeo. S\u00f3lo en casos excepcionales se transmitir\u00e1 la direcci\u00f3n IP completa a un servidor de Google en Estados Unidos y se acortar\u00e1 all\u00ed. La direcci\u00f3n IP transmitida por el navegador del usuario no se fusionar\u00e1 con otros datos de Google.<\/p><p>Los usuarios pueden impedir el almacenamiento de las cookies configurando el software de su navegador en consecuencia; los usuarios tambi\u00e9n pueden impedir la recopilaci\u00f3n de los datos generados por la cookie y relacionados con su uso de la oferta en l\u00ednea a Google, as\u00ed como el procesamiento de estos datos por parte de Google, descargando e instalando el complemento del navegador disponible en el siguiente enlace: http:\/\/tools.google.com\/dlpage\/gaoptout?hl=de. Puede encontrar informaci\u00f3n sobre la protecci\u00f3n de datos al utilizar Google Analytics en https:\/\/www.google.com\/analytics\/learn\/privacy.html?hl=de, e informaci\u00f3n sobre la protecci\u00f3n de datos en general en: http:\/\/www.google.com\/intl\/de\/policies\/privacy<\/p><p>En este sitio web se utilizan cookies, es decir, archivos de texto que se almacenan en su ordenador. Las cookies permanentes reconocen que su PC ya ha tenido una conexi\u00f3n con una oferta web, las \"cookies de sesi\u00f3n\" almacenan las ofertas vistas por \u00faltima vez. Las \"cookies de sesi\u00f3n\" se eliminan al final de la sesi\u00f3n. El uso de cookies en la forma seleccionada por nosotros no supone ninguna desventaja para usted. Por lo general, usted puede aceptar o excluir la instalaci\u00f3n, es decir, el almacenamiento, de las cookies mediante la configuraci\u00f3n adecuada de su navegador.<\/p>\t\t\t\t\t\t\t\t<\/div>\n\t\t\t\t<\/div>\n\t\t\t\t\t<\/div>\n\t\t<\/div>\n\t\t\t\t\t<\/div>\n\t\t<\/section>\n\t\t\t\t<\/div>","protected":false},"excerpt":{"rendered":"<p>Datenschutzerkl\u00e4rung Verantwortliche Stelle:Hotel TannenblickEibenstrasse 1261118 Bad Vilbel Ansprechpartner f\u00fcr den Datenschutz: Pawel Resser Ihnen stehen folgende Rechte gem\u00e4\u00df Datenschutzgrundverordnung (DSGVO) zu:Recht auf Auskunft: Sie k\u00f6nnen gem\u00e4\u00df Artikel 15 DSGVO eine Best\u00e4tigung dar\u00fcber verlangen, ob Sie betreffende Daten verarbeitet werden. Ist [&hellip;]<\/p>","protected":false},"author":1,"featured_media":0,"parent":0,"menu_order":0,"comment_status":"closed","ping_status":"closed","template":"","meta":{"_acf_changed":false,"footnotes":""},"class_list":["post-2553","page","type-page","status-publish","hentry"],"acf":[],"aioseo_notices":[],"_links":{"self":[{"href":"https:\/\/www.hotel-tannenblick.de\/es\/wp-json\/wp\/v2\/pages\/2553","targetHints":{"allow":["GET"]}}],"collection":[{"href":"https:\/\/www.hotel-tannenblick.de\/es\/wp-json\/wp\/v2\/pages"}],"about":[{"href":"https:\/\/www.hotel-tannenblick.de\/es\/wp-json\/wp\/v2\/types\/page"}],"author":[{"embeddable":true,"href":"https:\/\/www.hotel-tannenblick.de\/es\/wp-json\/wp\/v2\/users\/1"}],"replies":[{"embeddable":true,"href":"https:\/\/www.hotel-tannenblick.de\/es\/wp-json\/wp\/v2\/comments?post=2553"}],"version-history":[{"count":14,"href":"https:\/\/www.hotel-tannenblick.de\/es\/wp-json\/wp\/v2\/pages\/2553\/revisions"}],"predecessor-version":[{"id":3250,"href":"https:\/\/www.hotel-tannenblick.de\/es\/wp-json\/wp\/v2\/pages\/2553\/revisions\/3250"}],"wp:attachment":[{"href":"https:\/\/www.hotel-tannenblick.de\/es\/wp-json\/wp\/v2\/media?parent=2553"}],"curies":[{"name":"wp","href":"https:\/\/api.w.org\/{rel}","templated":true}]}}