
{"id":3331,"date":"2022-10-17T14:41:21","date_gmt":"2022-10-17T14:41:21","guid":{"rendered":"http:\/\/deipdkd.cluster030.hosting.ovh.net\/?page_id=3331"},"modified":"2023-03-06T12:44:31","modified_gmt":"2023-03-06T12:44:31","slug":"jobs","status":"publish","type":"page","link":"https:\/\/www.hotel-tannenblick.de\/en\/jobs\/","title":{"rendered":"Jobs"},"content":{"rendered":"<div data-elementor-type=\"wp-page\" data-elementor-id=\"3331\" class=\"elementor elementor-3331\">\n\t\t\t\t\t\t<section class=\"elementor-section elementor-top-section elementor-element elementor-element-51d7b7c elementor-section-height-min-height elementor-section-stretched elementor-section-boxed elementor-section-height-default elementor-section-items-middle\" data-id=\"51d7b7c\" data-element_type=\"section\" data-settings=\"{&quot;stretch_section&quot;:&quot;section-stretched&quot;,&quot;background_background&quot;:&quot;classic&quot;,&quot;shape_divider_bottom&quot;:&quot;opacity-fan&quot;,&quot;hoteller_ext_is_background_parallax&quot;:&quot;false&quot;,&quot;hoteller_ext_is_background_on_scroll&quot;:&quot;false&quot;}\">\n\t\t\t\t\t<div class=\"elementor-shape elementor-shape-bottom\" data-negative=\"false\">\n\t\t\t<svg xmlns=\"http:\/\/www.w3.org\/2000\/svg\" viewbox=\"0 0 283.5 19.6\" preserveaspectratio=\"none\">\n\t<path class=\"elementor-shape-fill\" style=\"opacity:0.33\" d=\"M0 0L0 18.8 141.8 4.1 283.5 18.8 283.5 0z\"\/>\n\t<path class=\"elementor-shape-fill\" style=\"opacity:0.33\" d=\"M0 0L0 12.6 141.8 4 283.5 12.6 283.5 0z\"\/>\n\t<path class=\"elementor-shape-fill\" style=\"opacity:0.33\" d=\"M0 0L0 6.4 141.8 4 283.5 6.4 283.5 0z\"\/>\n\t<path class=\"elementor-shape-fill\" d=\"M0 0L0 1.2 141.8 4 283.5 1.2 283.5 0z\"\/>\n<\/svg>\t\t<\/div>\n\t\t\t\t\t<div class=\"elementor-container elementor-column-gap-default\">\n\t\t\t\t\t<div class=\"elementor-column elementor-col-100 elementor-top-column elementor-element elementor-element-76e247e\" data-id=\"76e247e\" data-element_type=\"column\" data-settings=\"{&quot;hoteller_ext_link_sidemenu&quot;:&quot;false&quot;,&quot;hoteller_ext_link_fullmenu&quot;:&quot;false&quot;,&quot;hoteller_ext_is_scrollme&quot;:&quot;false&quot;,&quot;hoteller_ext_is_smoove&quot;:&quot;false&quot;,&quot;hoteller_ext_is_parallax_mouse&quot;:&quot;false&quot;,&quot;hoteller_ext_is_infinite&quot;:&quot;false&quot;,&quot;hoteller_ext_is_fadeout_animation&quot;:&quot;false&quot;}\">\n\t\t\t<div class=\"elementor-widget-wrap elementor-element-populated\">\n\t\t\t\t\t\t<div class=\"elementor-element elementor-element-c30e77c elementor-widget elementor-widget-hoteller-animated-text\" data-id=\"c30e77c\" data-element_type=\"widget\" data-settings=\"{&quot;hoteller_ext_is_fadeout_animation&quot;:&quot;true&quot;,&quot;hoteller_ext_is_fadeout_animation_velocity&quot;:{&quot;unit&quot;:&quot;px&quot;,&quot;size&quot;:0.5,&quot;sizes&quot;:[]},&quot;hoteller_ext_link_sidemenu&quot;:&quot;false&quot;,&quot;hoteller_ext_link_fullmenu&quot;:&quot;false&quot;,&quot;hoteller_ext_is_scrollme&quot;:&quot;false&quot;,&quot;hoteller_ext_is_smoove&quot;:&quot;false&quot;,&quot;hoteller_ext_is_parallax_mouse&quot;:&quot;false&quot;,&quot;hoteller_ext_is_infinite&quot;:&quot;false&quot;,&quot;hoteller_ext_is_fadeout_animation_direction&quot;:&quot;up&quot;}\" data-widget_type=\"hoteller-animated-text.default\">\n\t\t\t\t<div class=\"elementor-widget-container\">\n\t\t\t\t\t<div class=\"themegoods-animated-text text-alignment-center transition-right overflow-visible\" data-delimiter=\"character\" data-transition=\"30\" data-transition-delay=\"150\" data-transition-duration=\"800\">\n\t\t<h1>\n\t\tJobs\n\n\n\n\t<\/h1>\n\t<\/div>\t\t\t\t<\/div>\n\t\t\t\t<\/div>\n\t\t\t\t\t<\/div>\n\t\t<\/div>\n\t\t\t\t\t<\/div>\n\t\t<\/section>\n\t\t\t\t<section class=\"elementor-section elementor-top-section elementor-element elementor-element-4471239 elementor-section-boxed elementor-section-height-default elementor-section-height-default\" data-id=\"4471239\" data-element_type=\"section\" data-settings=\"{&quot;hoteller_ext_is_background_parallax&quot;:&quot;false&quot;,&quot;hoteller_ext_is_background_on_scroll&quot;:&quot;false&quot;}\">\n\t\t\t\t\t\t<div class=\"elementor-container elementor-column-gap-default\">\n\t\t\t\t\t<div class=\"elementor-column elementor-col-100 elementor-top-column elementor-element elementor-element-c4b6b6e\" data-id=\"c4b6b6e\" data-element_type=\"column\" data-settings=\"{&quot;hoteller_ext_link_sidemenu&quot;:&quot;false&quot;,&quot;hoteller_ext_link_fullmenu&quot;:&quot;false&quot;,&quot;hoteller_ext_is_scrollme&quot;:&quot;false&quot;,&quot;hoteller_ext_is_smoove&quot;:&quot;false&quot;,&quot;hoteller_ext_is_parallax_mouse&quot;:&quot;false&quot;,&quot;hoteller_ext_is_infinite&quot;:&quot;false&quot;,&quot;hoteller_ext_is_fadeout_animation&quot;:&quot;false&quot;}\">\n\t\t\t<div class=\"elementor-widget-wrap elementor-element-populated\">\n\t\t\t\t\t\t<div class=\"elementor-element elementor-element-09178d1 elementor-widget elementor-widget-text-editor\" data-id=\"09178d1\" data-element_type=\"widget\" data-settings=\"{&quot;hoteller_ext_link_sidemenu&quot;:&quot;false&quot;,&quot;hoteller_ext_link_fullmenu&quot;:&quot;false&quot;,&quot;hoteller_ext_is_scrollme&quot;:&quot;false&quot;,&quot;hoteller_ext_is_smoove&quot;:&quot;false&quot;,&quot;hoteller_ext_is_parallax_mouse&quot;:&quot;false&quot;,&quot;hoteller_ext_is_infinite&quot;:&quot;false&quot;,&quot;hoteller_ext_is_fadeout_animation&quot;:&quot;false&quot;}\" data-widget_type=\"text-editor.default\">\n\t\t\t\t<div class=\"elementor-widget-container\">\n\t\t\t\t\t\t\t\t\t<p>F\u00fcr unser Business Hotel suchen wir zum n\u00e4chstm\u00f6glichen Zeitpunkt eine Back Office Kraft im Management Bereich m\/w\/d<\/p><p>This is what sets you apart:<br \/>\u2013 Open and communicative<br \/>\u2013 Motivated and friendly<br \/>\u2013 Neat and precise<br \/>&#8211; gute Deutsch &amp; Englisch Sprachkenntnisse in Wort und Schrift (weitere Sprachen sind ein Plus)<br \/>\u2013 Well-groomed appearance<\/p><p>Aufgabenfeld:<br \/>&#8211; Annahme von Telefonaten<br \/>&#8211; Bearbeitung von Emails<br \/>&#8211; Bearbeitung von Reservierungsanfragen<br \/>&#8211; Arbeiten mit den Reservierungssystem<br \/>&#8211; Vorbereitung der Check-Ins<br \/>&#8211; Laufende Buchhaltung, Controlling<br \/>&#8211; monatliche Vorbereitung der Buchf\u00fchrung <br \/>&#8211; weitere Aufgaben nach Tagesgesch\u00e4ft<\/p><p>What we'd love you to have:<br \/>\u2013 Confident appearance even in stressful situations<br \/>\u2013 An eye for detail<br \/>\u2013 Flexibility, ability to work under pressure and sense of responsibility<br \/>\u2013 High quality awareness, service orientation and pleasure in dealing with guests<br \/>\u2013 Conscientious and reliable work<br \/>\u2013 Loyalty<br \/>\u2013 Ability to work in a team<\/p><p>Wir bieten dir:<br \/>&#8211; Teilzeitstelle mit 20 Stunden\/Woche, ca 8:00-12:00Uhr (gerne nach Absprache)<br \/>&#8211; inen Arbeitsplatz in einem mittelst\u00e4ndischen Unternehmen<br \/>&#8211; unbefristeter Arbeitsplatz<\/p><p>Wir haben dein Interesse geweckt?<\/p><p>Bitte melde dich gerne\u00a0<a href=\"tel: 49610150980\"><strong>telefonisch<\/strong><\/a>\u00a0oder per\u00a0<a href=\"mailto:info@hotel-tannenblick.de\"><strong>E-Mail<\/strong><\/a>\u00a0mit deinem Lebenslauf.<\/p>\t\t\t\t\t\t\t\t<\/div>\n\t\t\t\t<\/div>\n\t\t\t\t\t<\/div>\n\t\t<\/div>\n\t\t\t\t\t<\/div>\n\t\t<\/section>\n\t\t\t\t<\/div>","protected":false},"excerpt":{"rendered":"<p>Jobs F\u00fcr unser Business Hotel suchen wir zum n\u00e4chstm\u00f6glichen Zeitpunkt eine Back Office Kraft im Management Bereich m\/w\/d Das macht dich aus:&#8211; offen und kommunikativ&#8211; motiviert und freundlich&#8211; ordentlich und pr\u00e4zise&#8211; gute Deutsch &amp; Englisch Sprachkenntnisse in Wort und Schrift [&hellip;]<\/p>","protected":false},"author":1,"featured_media":0,"parent":0,"menu_order":0,"comment_status":"closed","ping_status":"closed","template":"","meta":{"_acf_changed":false,"footnotes":""},"class_list":["post-3331","page","type-page","status-publish","hentry"],"acf":[],"aioseo_notices":[],"_links":{"self":[{"href":"https:\/\/www.hotel-tannenblick.de\/en\/wp-json\/wp\/v2\/pages\/3331","targetHints":{"allow":["GET"]}}],"collection":[{"href":"https:\/\/www.hotel-tannenblick.de\/en\/wp-json\/wp\/v2\/pages"}],"about":[{"href":"https:\/\/www.hotel-tannenblick.de\/en\/wp-json\/wp\/v2\/types\/page"}],"author":[{"embeddable":true,"href":"https:\/\/www.hotel-tannenblick.de\/en\/wp-json\/wp\/v2\/users\/1"}],"replies":[{"embeddable":true,"href":"https:\/\/www.hotel-tannenblick.de\/en\/wp-json\/wp\/v2\/comments?post=3331"}],"version-history":[{"count":22,"href":"https:\/\/www.hotel-tannenblick.de\/en\/wp-json\/wp\/v2\/pages\/3331\/revisions"}],"predecessor-version":[{"id":3533,"href":"https:\/\/www.hotel-tannenblick.de\/en\/wp-json\/wp\/v2\/pages\/3331\/revisions\/3533"}],"wp:attachment":[{"href":"https:\/\/www.hotel-tannenblick.de\/en\/wp-json\/wp\/v2\/media?parent=3331"}],"curies":[{"name":"wp","href":"https:\/\/api.w.org\/{rel}","templated":true}]}}